{"id":1833,"date":"2025-02-26T17:33:04","date_gmt":"2025-02-26T16:33:04","guid":{"rendered":"https:\/\/razin.studio\/fooldal\/"},"modified":"2025-07-21T11:37:12","modified_gmt":"2025-07-21T10:37:12","slug":"fooldal","status":"publish","type":"page","link":"https:\/\/razin.studio\/hu\/","title":{"rendered":"F\u0151oldal"},"content":{"rendered":"Design &amp; Fejleszt\u00e9s\n\n<h3 class=\"wp-block-heading\">Szolg\u00e1ltat\u00e1sok<\/h3>\n\nMagas min\u0151s\u00e9g\u0171, egyedi webes megold\u00e1sokat hozok l\u00e9tre, amelyek \u00f6tv\u00f6zik a diz\u00e1jnt \u00e9s a funkcionalit\u00e1st a z\u00f6kken\u0151mentes digit\u00e1lis \u00e9lm\u00e9ny \u00e9rdek\u00e9ben. A fejleszt\u00e9st\u0151l az optimaliz\u00e1l\u00e1sig minden projektet precizit\u00e1ssal \u00e9s teljes\u00edtm\u00e9nnyel \u00e9p\u00edtek.\n\n<h3>Webfejleszt\u00e9s<\/h3><p>Weboldalad t\u00f6bb mint csup\u00e1n egy digit\u00e1lis jelenl\u00e9t \u2013 a m\u00e1rk\u00e1d, v\u00e1llalkoz\u00e1sod \u00e9s \u00e9rt\u00e9krended t\u00fckre. Egyedi, magas min\u0151s\u00e9g\u0171 webes megold\u00e1sokat k\u00e9sz\u00edtek, amelyek a modern eszt\u00e9tik\u00e1t z\u00f6kken\u0151mentes funkcionalit\u00e1ssal \u00f6tv\u00f6zik. Minden projekt azzal kezd\u0151dik, hogy meg\u00e9rtem az egyedi ig\u00e9nyeidet, \u00e9s ezeket l\u00e1tv\u00e1nyos, felhaszn\u00e1l\u00f3bar\u00e1t \u00e9lm\u00e9nny\u00e9 alak\u00edtom.  <\/p><p>Kiemelt figyelmet ford\u00edtva a r\u00e9szletekre, olyan tervez\u00e9st k\u00e9sz\u00edtek, amely nemcsak eszt\u00e9tikus, hanem n\u00f6veli a haszn\u00e1lhat\u00f3s\u00e1got \u00e9s az elk\u00f6telez\u0151d\u00e9st. A fejleszt\u00e9st tiszta, hat\u00e9kony \u00e9s optimaliz\u00e1lt k\u00f3ddal v\u00e9gzem, hogy gyors bet\u00f6lt\u00e9st, z\u00f6kken\u0151mentes m\u0171k\u00f6d\u00e9st \u00e9s teljes k\u00f6r\u0171 reszponzivit\u00e1st biztos\u00edtsak minden eszk\u00f6z\u00f6n. A SEO \u00e9s a sebess\u00e9goptimaliz\u00e1ci\u00f3 minden projekt r\u00e9sz\u00e9t k\u00e9pezi, \u00edgy weboldalad j\u00f3l szerepel a keres\u0151kben, \u00e9s kiv\u00e9teles felhaszn\u00e1l\u00f3i \u00e9lm\u00e9nyt ny\u00fajt.  <\/p><p>Ak\u00e1r vadonat\u00faj weboldalra, \u00e1ttervez\u00e9sre vagy halad\u00f3 fejleszt\u00e9si funkci\u00f3kra van sz\u00fcks\u00e9ged, garant\u00e1lom, hogy digit\u00e1lis jelenl\u00e9ted egyszerre legyen vizu\u00e1lisan vonz\u00f3 \u00e9s technikailag kifog\u00e1stalan, k\u00e9szen arra, hogy t\u00e1mogassa \u00fczleti n\u00f6veked\u00e9sed.<\/p>\n\nWhite label\n\nFigm\u00e1b\u00f3l WordPress-be\n\n<h3>Figm\u00e1b\u00f3l WordPress-be<\/h3><p>A Figma-terveid \u00e1talak\u00edt\u00e1sa egy teljesen m\u0171k\u00f6d\u0151, nagy teljes\u00edtm\u00e9ny\u0171 WordPress-weboldall\u00e1 precizit\u00e1st, szak\u00e9rtelmet \u00e9s r\u00e9szletekre val\u00f3 odafigyel\u00e9st ig\u00e9nyel. A gondosan megtervezett l\u00e1tv\u00e1nyterveidet pixelpontos, reszponz\u00edv \u00e9s gyorsan bet\u00f6lt\u0151d\u0151 WordPress-oldall\u00e1 alak\u00edtom, amely h\u0171 marad az eredeti v\u00edzi\u00f3hoz, mik\u00f6zben z\u00f6kken\u0151mentes funkcionalit\u00e1st biztos\u00edt. <\/p><p>Minden projekt tiszta, optimaliz\u00e1lt k\u00f3ddal \u00e9p\u00fcl fel, a rugalmass\u00e1gra \u00e9s a sk\u00e1l\u00e1zhat\u00f3s\u00e1gra f\u00f3kusz\u00e1lva. Legyen sz\u00f3 egyedi sablonr\u00f3l vagy builder alap\u00fa megold\u00e1sr\u00f3l, gondoskodom r\u00f3la, hogy a v\u00e9gleges weboldal k\u00f6nnyen kezelhet\u0151, SEO-bar\u00e1t \u00e9s teljes\u00edtm\u00e9nyre optimaliz\u00e1lt legyen. Az anim\u00e1ci\u00f3k, interakci\u00f3k \u00e9s dinamikus elemek hib\u00e1tlanul ker\u00fclnek megval\u00f3s\u00edt\u00e1sra, z\u00f6kken\u0151mentes \u00e9s mag\u00e1val ragad\u00f3 felhaszn\u00e1l\u00f3i \u00e9lm\u00e9nyt ny\u00fajtva.  <\/p><p>A tervez\u00e9st\u0151l a telep\u00edt\u00e9sig minden l\u00e9p\u00e9st precizit\u00e1ssal kezelek, olyan weboldalt sz\u00e1ll\u00edtva, amely nemcsak pontosan \u00fagy n\u00e9z ki, mint a Figma-terved, hanem minden eszk\u00f6z\u00f6n \u00e9s b\u00f6ng\u00e9sz\u0151ben hib\u00e1tlanul m\u0171k\u00f6dik.<\/p>\n\nLandingek\n\n<p>&#8220;C\u00e9gvezet\u0151k\u00e9nt fontos sz\u00e1momra, hogy megb\u00edzhat\u00f3 \u00e9s prec\u00edz partnerekkel dolgozzunk egy\u00fctt \u2013 Levente pedig pontosan ilyen szakember. Webfejleszt\u00e9si projektjeink sor\u00e1n mindig kimagasl\u00f3 szakmai hozz\u00e1\u00e9rt\u00e9ssel, gyorsas\u00e1ggal \u00e9s rugalmass\u00e1ggal dolgozik. A hat\u00e1rid\u0151ket marad\u00e9ktalanul betartja, \u00e9s ha m\u00f3dos\u00edt\u00e1si k\u00e9r\u00e9s\u00fcnk van, azt vill\u00e1mgyorsan \u00e9s pontosan kezeli. WordPress sitebuildjei pixelpontosan k\u00f6vetik a Figma UI terveket, ami jelent\u0151sen megk\u00f6nny\u00edti a k\u00f6z\u00f6s munk\u00e1t.&#8221;<\/p>\n\nN\u00e9meth Bence\n\nAlap\u00edt\u00f3, WEBBRANDING\n\n<h3 class=\"wp-block-heading\">Magas min\u0151s\u00e9g\u0171 weboldalak, ak\u00e1r 7 napon bel\u00fcl.<\/h3>\n\nA UI\/UX-tervez\u00e9st\u0151l a fejlett fejleszt\u00e9sig, minden pixel az ig\u00e9nyeidre szabva.\n\n<div class=\"wp-block-buttons is-layout-flex wp-block-buttons-is-layout-flex\"><div class=\"wp-block-button\"><a class=\"wp-block-button__link\">Kezdj\u00fck!<\/a><\/div><\/div>\n\n<div class=\"wp-block-buttons is-layout-flex wp-block-buttons-is-layout-flex\"><div class=\"wp-block-button\"><a class=\"wp-block-button__link\">Mutass t\u00f6bbet!<\/a><\/div><\/div>\n\n<h3>Landingek<\/h3><p>Egy gondosan megtervezett landing oldal kulcsfontoss\u00e1g\u00fa a figyelem megragad\u00e1s\u00e1hoz, a konverzi\u00f3k \u00f6szt\u00f6nz\u00e9s\u00e9hez \u00e9s a l\u00e1togat\u00f3k v\u00e1s\u00e1rl\u00f3kk\u00e1 alak\u00edt\u00e1s\u00e1hoz. Magas teljes\u00edtm\u00e9ny\u0171, konverzi\u00f3k\u00f6zpont\u00fa landing oldalakat k\u00e9sz\u00edtek, amelyek vizu\u00e1lisan megnyer\u0151ek, gyorsan bet\u00f6lt\u0151dnek \u00e9s pontosan a te c\u00e9ljaidra vannak optimaliz\u00e1lva. <\/p><p>Minden elemet c\u00e9llal tervezek \u2013 egy\u00e9rtelm\u0171 \u00fczenetk\u00f6zvet\u00edt\u00e9s, intuit\u00edv elrendez\u00e9s \u00e9s meggy\u0151z\u0151 cselekv\u00e9sre \u00f6szt\u00f6nz\u0151 elemek vezetik a felhaszn\u00e1l\u00f3kat a k\u00edv\u00e1nt eredm\u00e9ny fel\u00e9. Legyen sz\u00f3 leadgener\u00e1l\u00f3 oldalr\u00f3l, term\u00e9kbevezet\u00e9sr\u0151l vagy marketingkamp\u00e1nyr\u00f3l, gondoskodom a z\u00f6kken\u0151mentes felhaszn\u00e1l\u00f3i \u00e9lm\u00e9nyr\u0151l minden eszk\u00f6z\u00f6n. <\/p><p>A tiszta diz\u00e1jnra, optimaliz\u00e1lt k\u00f3dra \u00e9s strat\u00e9giai tartalomelhelyez\u00e9sre f\u00f3kusz\u00e1lva olyan landing oldalakat k\u00e9sz\u00edtek, amelyek nemcsak j\u00f3l mutatnak, hanem val\u00f3di eredm\u00e9nyeket is hoznak az \u00fczleted sz\u00e1m\u00e1ra.<\/p>\n\n<h3>White label<\/h3><p>Z\u00f6kken\u0151mentes, magas sz\u00ednvonal\u00fa webfejleszt\u00e9s t\u00falzott k\u00f6lts\u00e9gek n\u00e9lk\u00fcl. White-label WordPress tervez\u00e9si \u00e9s fejleszt\u00e9si szolg\u00e1ltat\u00e1sokat k\u00edn\u00e1lok \u00fcgyn\u00f6ks\u00e9gek sz\u00e1m\u00e1ra, akik in-house er\u0151forr\u00e1s n\u00e9lk\u00fcl szeretn\u00e9nek kiv\u00e9teles weboldalakat sz\u00e1ll\u00edtani \u00fcgyfeleiknek. Legyen sz\u00f3 teljes weboldalak \u00e9p\u00edt\u00e9s\u00e9r\u0151l, egyedi sablonfejleszt\u00e9sr\u0151l vagy folyamatos karbantart\u00e1sr\u00f3l, a h\u00e1tt\u00e9rben dolgozva gondoskodom r\u00f3la, hogy projektjeid hat\u00e1rid\u0151re, a legmagasabb sz\u00ednvonalon k\u00e9sz\u00fcljenek el.  <\/p><p>Minden projektet az \u00fcgyn\u00f6ks\u00e9ged munkafolyamat\u00e1hoz \u00e9s arculat\u00e1hoz igaz\u00edtok, \u00edgy z\u00f6kken\u0151mentes a k\u00f6z\u00f6s munka. Tiszta, karbantarthat\u00f3 k\u00f3dra, teljes\u00edtm\u00e9ny-optimaliz\u00e1ci\u00f3ra \u00e9s teljes reszponzivit\u00e1sra f\u00f3kusz\u00e1lok, hogy \u00fcgyfeleid olyan kifinomult v\u00e9geredm\u00e9nyt kapjanak, amely az \u00fcgyn\u00f6ks\u00e9ged h\u00edrnev\u00e9t t\u00fckr\u00f6zi. A bonyolult, egyedi funkci\u00f3kt\u00f3l a egyszer\u0171 landing oldalakig mindent \u00e9n kezelek, te pedig \u00e9lvezheted az elismer\u00e9st.  <\/p>\n\n<figure class=\"wp-block-image size-large\"><img alt=\"\" loading=\"lazy\" decoding=\"async\" width=\"894\" height=\"447\" src=\"https:\/\/razin.studio\/wp-content\/uploads\/2025\/03\/razin-studio.webp\" alt class=\"wp-image-1831\" srcset=\"https:\/\/razin.studio\/wp-content\/uploads\/2025\/03\/razin-studio.webp 894w, https:\/\/razin.studio\/wp-content\/uploads\/2025\/03\/razin-studio-300x150.webp 300w, https:\/\/razin.studio\/wp-content\/uploads\/2025\/03\/razin-studio-768x384.webp 768w, https:\/\/razin.studio\/wp-content\/uploads\/2025\/03\/razin-studio-600x300.webp 600w\" sizes=\"auto, (max-width: 894px) 100vw, 894px\" \/><\/figure>\n\n{post_title}\n\nProjekt megtekint\u00e9se\n\n{acf_date}\n\n<h3 class=\"wp-block-heading\">Minden projektben sz\u00e1m\u00edthatsz&#8230;<\/h3>\n\nRengeteg extra \u00e9rt\u00e9kre, a weboldal m\u00e9ret\u00e9t\u0151l f\u00fcggetlen\u00fcl.\n\n<div class=\"wp-block-buttons is-layout-flex wp-block-buttons-is-layout-flex\"><div class=\"wp-block-button\"><a class=\"wp-block-button__link\">Kezdj\u00fck!<\/a><\/div><\/div>\n\n\n\n<h3 class=\"wp-block-heading\">{post_title}<\/h3>\n\n<div class=\"wp-block-buttons is-layout-flex wp-block-buttons-is-layout-flex\"><div class=\"wp-block-button\"><a class=\"wp-block-button__link\">Kezdj\u00fck!<\/a><\/div><\/div>\n\n<h3 class=\"wp-block-heading\">Annyira white-label, amennyire csak szeretn\u00e9d.<\/h3>\n\n<!-- wp:Array \/-->\n\n<div class=\"wp-block-buttons is-layout-flex wp-block-buttons-is-layout-flex\"><div class=\"wp-block-button\"><a class=\"wp-block-button__link\">Kezdj\u00fck!<\/a><\/div><\/div>\n\n<div class=\"wp-block-buttons is-layout-flex wp-block-buttons-is-layout-flex\"><div class=\"wp-block-button\"><a class=\"wp-block-button__link\">Mutass t\u00f6bbet!<\/a><\/div><\/div>\n\nA legjobb csapatok bizalm\u00e1val\n\n<figure class=\"wp-block-image size-full\"><img alt=\"BDA: logo\" decoding=\"async\" src=\"https:\/\/razin.studio\/wp-content\/uploads\/2025\/02\/bda.svg\" alt class=\"wp-image-70\"><\/figure>\n\n<figure class=\"wp-block-image size-full\"><img alt=\"Klikkm\u00e1nia logo\" decoding=\"async\" src=\"https:\/\/razin.studio\/wp-content\/uploads\/2025\/02\/klikkmania.svg\" alt class=\"wp-image-75\"><\/figure>\n\n<figure class=\"wp-block-image size-full\"><img alt=\"Webbranding logo\" decoding=\"async\" src=\"https:\/\/razin.studio\/wp-content\/uploads\/2025\/02\/webbranding.svg\" alt class=\"wp-image-73\"><\/figure>\n\n<figure class=\"wp-block-image size-full\"><img alt=\"Medigrow logo\" decoding=\"async\" src=\"https:\/\/razin.studio\/wp-content\/uploads\/2025\/02\/medigrow_1.svg\" alt class=\"wp-image-76\"><\/figure>\n\n<figure class=\"wp-block-image size-full\"><img alt=\"Rud+SpanSet Kft. logo\" decoding=\"async\" src=\"https:\/\/razin.studio\/wp-content\/uploads\/2025\/02\/rudspanset.svg\" alt class=\"wp-image-80\"><\/figure>\n\n<p>&#8220;Levent\u00e9vel t\u00f6bb alkalommal dolgoztunk egy\u00fctt, \u00e9s sz\u00e1mos weboldal elk\u00e9sz\u00edt\u00e9s\u00e9t b\u00edztuk r\u00e1; a j\u00f6v\u0151ben is sz\u00e1m\u00edtunk szak\u00e9rtelm\u00e9re. Profi munk\u00e1t v\u00e9gez, magas sz\u00ednvonal\u00fa webdesign-t alkot, \u00e9s mindent hib\u00e1tlanul kivitelez. A kommunik\u00e1ci\u00f3 vele egyszer\u0171 \u00e9s hat\u00e9kony, ami g\u00f6rd\u00fcl\u00e9keny \u00e9s z\u00f6kken\u0151mentes folyamatot biztos\u00edt. \u00dcgyn\u00f6ks\u00e9gk\u00e9nt k\u00fcl\u00f6n\u00f6sen fontos sz\u00e1munkra, hogy megb\u00edzhat\u00f3 partnerekkel dolgozzunk, \u00e9s a lehet\u0151 legmagasabb min\u0151s\u00e9get ny\u00fajtsuk \u00fcgyfeleinknek. Levente ebben t\u00f6k\u00e9letes partnernek bizonyult; \u00f6r\u00f6m volt vele dolgozni, \u00e9s egy\u00fctt kiemelked\u0151 weboldalakat sz\u00e1ll\u00edtottunk \u00fcgyfeleinknek.&#8221;<\/p>\n\nM\u00e9sz\u00e1ros Mikl\u00f3s\n\n\u00fcgyvezet\u0151, BDA:\n\n<div class=\"wp-block-buttons is-layout-flex wp-block-buttons-is-layout-flex\"><div class=\"wp-block-button\"><a class=\"wp-block-button__link\">Kezdj\u00fck!<\/a><\/div><\/div>\n\n<h2 class=\"wp-block-heading\">Mire van sz\u00fcks\u00e9g a projekt elind\u00edt\u00e1s\u00e1hoz?<\/h2>\n\nA projekt elind\u00edt\u00e1s\u00e1hoz k\u00fcldj egy r\u00f6vid projekt\u00f6sszefoglal\u00f3t, \u00e9s \u00e9n pontos \u00e1raj\u00e1nlatot \u00e9s \u00fctemtervet k\u00e9sz\u00edtek. Ha mindent egyeztett\u00fcnk, \u00edrd al\u00e1 a szerz\u0151d\u00e9st, \u00e9s a kezd\u0151 r\u00e9szlet (\u00e1ltal\u00e1ban az \u00f6sszeg 1\/3-a) befizet\u00e9se ut\u00e1n megkezd\u0151dik a munka. \n\nB\u00e1r egy egyszer\u0171 dokumentumt\u00f3l \u00e9s n\u00e9h\u00e1ny k\u00e9pt\u0151l kezdve ak\u00e1r egy r\u00e9szletes projekt\u00f6sszefoglal\u00f3ig is dolgozhatok \u2013 min\u00e9l t\u00f6bb inform\u00e1ci\u00f3t osztasz meg el\u0151re, ann\u00e1l hat\u00e9konyabb \u00e9s g\u00f6rd\u00fcl\u00e9kenyebb lesz a folyamat!\n\n<h2 class=\"wp-block-heading\">Kezelni tudom majd?<\/h2>\n\nTerm\u00e9szetesen! Az adminisztr\u00e1ci\u00f3s fel\u00fcletet az \u00fcgyf\u00e9l ig\u00e9nyeihez igaz\u00edtom, hogy a gyakran m\u00f3dos\u00edtand\u00f3 be\u00e1ll\u00edt\u00e1sok \u00e9s szekci\u00f3k k\u00f6nnyen kezelhet\u0151k legyenek. A bonyolultabb m\u00f3dos\u00edt\u00e1sokhoz a projekt \u00e1tad\u00e1sakor k\u00e9pz\u00e9st is tudok biztos\u00edtani.\n\n<h2 class=\"wp-block-heading\">Az \u00e1tad\u00e1s ut\u00e1n v\u00e1llalsz karbantart\u00e1st \u00e9s friss\u00edt\u00e9seket?<\/h2>\n\nIgen! A weboldal egyedi ig\u00e9nyei alapj\u00e1n szem\u00e9lyre szabott \u00e1raj\u00e1nlatot adok. Csak olyan weboldalakkal tudok seg\u00edteni, amelyeket szem\u00e9lyesen \u00e9n fejlesztettem.\n\n<h2 class=\"wp-block-heading\">Mit nem tartalmaz?<\/h2>\n\nA tartalomk\u00e9sz\u00edt\u00e9s \u00e9s a sz\u00f6veg\u00edr\u00e1s nincs benne az \u00e1rban. A domaint \u00e9s a t\u00e1rhelyet az \u00fcgyf\u00e9lnek kell be\u00e1ll\u00edtania, \u00e9s ezek nem r\u00e9szei az \u00e1raj\u00e1nlatnak.\n\n<h2 class=\"wp-block-heading\">Mit tartalmaz?<\/h2>\n\nMinden benne foglalt r\u00e9szletet az \u00e1raj\u00e1nlatban \u00e9s a szerz\u0151d\u00e9sben r\u00e9szletezem. N\u00e9h\u00e1ny fontos pont: k\u00e9t landingoldal-terv korl\u00e1tlan m\u00f3dos\u00edt\u00e1ssal (bele\u00e9rtve a t\u00f6bbi oldal diz\u00e1jnj\u00e1t is), sz\u00e1mos pr\u00e9mium plugin licencd\u00edj-mentesen, alapvet\u0151 SEO-be\u00e1ll\u00edt\u00e1s, reszponz\u00edv fejleszt\u00e9s minden eszk\u00f6zre stb.\n\n<h2 class=\"wp-block-heading\">Sz\u00fcks\u00e9gem van domain-re \u00e9s t\u00e1rhelyre?<\/h2>\n\nIgen, biztos\u00edtanod kell a domaint \u00e9s a t\u00e1rhelyet, de ebben sz\u00edvesen seg\u00edtek! A projektek csak egy megl\u00e9v\u0151 WordPress-oldal migr\u00e1ci\u00f3j\u00e1t tartalmazz\u00e1k.\n\n<h2 class=\"wp-block-heading\">Mennyi id\u0151t vesz ig\u00e9nybe egy projekt?<\/h2>\n\nEgy landing oldal eset\u00e9n ak\u00e1r 7 napt\u00f3l, egy viszonylag nagyobb projekt eset\u00e9n 60 napig is terjedhet. Minden att\u00f3l f\u00fcgg, mit ig\u00e9nyel a weboldal, \u00e9s mennyi ideig tartanak a j\u00f3v\u00e1hagy\u00e1si k\u00f6r\u00f6k.\n\n<h3 class=\"wp-block-heading\">Gyakran ism\u00e9telt k\u00e9rd\u00e9sek<\/h3>\n\nBricks Builder Szak\u00e9rt\u0151","protected":false},"excerpt":{"rendered":"<p>Design &amp; Fejleszt\u00e9s Szolg\u00e1ltat\u00e1sok Magas min\u0151s\u00e9g\u0171, egyedi webes megold\u00e1sokat hozok l\u00e9tre, amelyek \u00f6tv\u00f6zik a diz\u00e1jnt \u00e9s a funkcionalit\u00e1st a z\u00f6kken\u0151mentes digit\u00e1lis \u00e9lm\u00e9ny \u00e9rdek\u00e9ben. A fejleszt\u00e9st\u0151l az optimaliz\u00e1l\u00e1sig minden projektet precizit\u00e1ssal \u00e9s teljes\u00edtm\u00e9nnyel \u00e9p\u00edtek. Webfejleszt\u00e9s Weboldalad t\u00f6bb mint csup\u00e1n egy digit\u00e1lis jelenl\u00e9t \u2013 a m\u00e1rk\u00e1d, v\u00e1llalkoz\u00e1sod \u00e9s \u00e9rt\u00e9krended t\u00fckre. Egyedi, magas min\u0151s\u00e9g\u0171 webes megold\u00e1sokat k\u00e9sz\u00edtek, amelyek [&hellip;]<\/p>\n","protected":false},"author":1,"featured_media":1831,"parent":0,"menu_order":0,"comment_status":"closed","ping_status":"closed","template":"","meta":{"_acf_changed":false,"_seopress_robots_primary_cat":"","_seopress_titles_title":"%%sitetitle%% - White label webdesign & fejleszt\u00e9s","_seopress_titles_desc":"Egyedi, magas min\u0151s\u00e9g\u0171 webes megold\u00e1sokat hozok l\u00e9tre, amelyek a modern eszt\u00e9tik\u00e1t z\u00f6kken\u0151mentes funkcionalit\u00e1ssal \u00f6tv\u00f6zik.","_seopress_robots_index":"","footnotes":""},"class_list":["post-1833","page","type-page","status-publish","has-post-thumbnail","hentry"],"acf":[],"_links":{"self":[{"href":"https:\/\/razin.studio\/hu\/wp-json\/wp\/v2\/pages\/1833","targetHints":{"allow":["GET"]}}],"collection":[{"href":"https:\/\/razin.studio\/hu\/wp-json\/wp\/v2\/pages"}],"about":[{"href":"https:\/\/razin.studio\/hu\/wp-json\/wp\/v2\/types\/page"}],"author":[{"embeddable":true,"href":"https:\/\/razin.studio\/hu\/wp-json\/wp\/v2\/users\/1"}],"replies":[{"embeddable":true,"href":"https:\/\/razin.studio\/hu\/wp-json\/wp\/v2\/comments?post=1833"}],"version-history":[{"count":15,"href":"https:\/\/razin.studio\/hu\/wp-json\/wp\/v2\/pages\/1833\/revisions"}],"predecessor-version":[{"id":1988,"href":"https:\/\/razin.studio\/hu\/wp-json\/wp\/v2\/pages\/1833\/revisions\/1988"}],"wp:featuredmedia":[{"embeddable":true,"href":"https:\/\/razin.studio\/hu\/wp-json\/wp\/v2\/media\/1831"}],"wp:attachment":[{"href":"https:\/\/razin.studio\/hu\/wp-json\/wp\/v2\/media?parent=1833"}],"curies":[{"name":"wp","href":"https:\/\/api.w.org\/{rel}","templated":true}]}}