{"id":1837,"date":"2025-03-08T17:33:45","date_gmt":"2025-03-08T16:33:45","guid":{"rendered":"https:\/\/razin.studio\/alkossunk-valami-nagyszerut\/"},"modified":"2025-07-21T10:58:02","modified_gmt":"2025-07-21T09:58:02","slug":"alkossunk-valami-nagyszerut","status":"publish","type":"page","link":"https:\/\/razin.studio\/hu\/alkossunk-valami-nagyszerut\/","title":{"rendered":"Alkossunk valami nagyszer\u0171t!"},"content":{"rendered":"K\u00e9rj ingyenes \u00e1raj\u00e1nlatot\n\n<a href=\"https:\/\/razin.studio\/hu\/adatkezelesi-tajekoztato\/\">Adatkezel\u00e9si t\u00e1j\u00e9koztat\u00f3t<\/a>","protected":false},"excerpt":{"rendered":"<p>K\u00e9rj ingyenes \u00e1raj\u00e1nlatot Adatkezel\u00e9si t\u00e1j\u00e9koztat\u00f3t<\/p>\n","protected":false},"author":1,"featured_media":0,"parent":0,"menu_order":0,"comment_status":"closed","ping_status":"closed","template":"","meta":{"_acf_changed":false,"_seopress_robots_primary_cat":"","_seopress_titles_title":"","_seopress_titles_desc":"","_seopress_robots_index":"","footnotes":""},"class_list":["post-1837","page","type-page","status-publish","hentry"],"acf":[],"_links":{"self":[{"href":"https:\/\/razin.studio\/hu\/wp-json\/wp\/v2\/pages\/1837","targetHints":{"allow":["GET"]}}],"collection":[{"href":"https:\/\/razin.studio\/hu\/wp-json\/wp\/v2\/pages"}],"about":[{"href":"https:\/\/razin.studio\/hu\/wp-json\/wp\/v2\/types\/page"}],"author":[{"embeddable":true,"href":"https:\/\/razin.studio\/hu\/wp-json\/wp\/v2\/users\/1"}],"replies":[{"embeddable":true,"href":"https:\/\/razin.studio\/hu\/wp-json\/wp\/v2\/comments?post=1837"}],"version-history":[{"count":7,"href":"https:\/\/razin.studio\/hu\/wp-json\/wp\/v2\/pages\/1837\/revisions"}],"predecessor-version":[{"id":1978,"href":"https:\/\/razin.studio\/hu\/wp-json\/wp\/v2\/pages\/1837\/revisions\/1978"}],"wp:attachment":[{"href":"https:\/\/razin.studio\/hu\/wp-json\/wp\/v2\/media?parent=1837"}],"curies":[{"name":"wp","href":"https:\/\/api.w.org\/{rel}","templated":true}]}}